{"id":53,"date":"2024-02-20T22:42:59","date_gmt":"2024-02-20T19:42:59","guid":{"rendered":"https:\/\/artegenomics.com\/?page_id=53"},"modified":"2024-04-15T22:46:48","modified_gmt":"2024-04-15T19:46:48","slug":"artegen","status":"publish","type":"page","link":"https:\/\/artegenomics.com\/tr\/artegen\/","title":{"rendered":"arteGen"},"content":{"rendered":"<div data-elementor-type=\"wp-page\" data-elementor-id=\"53\" class=\"elementor elementor-53\">\n\t\t\t\t<div class=\"elementor-element elementor-element-0d4e798 e-flex e-con-boxed e-con e-parent\" data-id=\"0d4e798\" data-element_type=\"container\" data-e-type=\"container\" data-settings=\"{&quot;jet_parallax_layout_list&quot;:[]}\">\n\t\t\t\t\t<div class=\"e-con-inner\">\n\t\t<div class=\"elementor-element elementor-element-43f8ce4 e-con-full e-flex e-con e-child\" data-id=\"43f8ce4\" data-element_type=\"container\" data-e-type=\"container\" data-settings=\"{&quot;jet_parallax_layout_list&quot;:[]}\">\n\t\t\t\t<div class=\"elementor-element elementor-element-886658d elementor-widget elementor-widget-text-editor\" data-id=\"886658d\" data-element_type=\"widget\" data-e-type=\"widget\" data-widget_type=\"text-editor.default\">\n\t\t\t\t<div class=\"elementor-widget-container\">\n\t\t\t\t\t\t\t\t\t<p><em>Gelece\u011fe Daha G\u00fcvenle Bakmak \u0130\u00e7in<\/em><\/p><p>arte Genomics, alan\u0131nda \u00fcst\u00fcnl\u00fc\u011f\u00fcn\u00fc kan\u0131tlam\u0131\u015f ve kusursuz bir hizmet anlay\u0131\u015f\u0131na sahip tedarik\u00e7ilerle sa\u011flam bir i\u015f ortakl\u0131\u011f\u0131 i\u00e7inde hizmetlerini s\u00fcrd\u00fcrmektedir. 2023 y\u0131l\u0131nda kurulan firmam\u0131z, sa\u011fl\u0131k sekt\u00f6r\u00fcn\u00fcn artan ihtiya\u00e7lar\u0131n\u0131 kar\u015f\u0131lamak ve bilimdeki geli\u015fmeleri yak\u0131ndan takip edebilmek amac\u0131yla biyoloji ve t\u0131p alanlar\u0131nda e\u011fitim alm\u0131\u015f uzman bir ekip ile faaliyet g\u00f6stermektedir. Ara\u015ft\u0131rma ve geli\u015ftirme faaliyetleri \u00fczerine kurulu olan arte Genomics, genetik alan\u0131nda yenilik\u00e7i ve katma de\u011feri y\u00fcksek \u00fcr\u00fcnler \u00fcretmeye odaklanm\u0131\u015ft\u0131r.<\/p>\t\t\t\t\t\t\t\t<\/div>\n\t\t\t\t<\/div>\n\t\t\t\t<\/div>\n\t\t<div class=\"elementor-element elementor-element-5062d63 e-con-full e-flex e-con e-child\" data-id=\"5062d63\" data-element_type=\"container\" data-e-type=\"container\" data-settings=\"{&quot;jet_parallax_layout_list&quot;:[]}\">\n\t\t\t\t<div class=\"elementor-element elementor-element-0875e5e elementor-widget elementor-widget-image\" data-id=\"0875e5e\" data-element_type=\"widget\" data-e-type=\"widget\" data-widget_type=\"image.default\">\n\t\t\t\t<div class=\"elementor-widget-container\">\n\t\t\t\t\t\t\t\t\t\t\t\t\t\t\t<img fetchpriority=\"high\" decoding=\"async\" width=\"1024\" height=\"683\" src=\"https:\/\/artegenomics.com\/wp-content\/uploads\/2024\/02\/Picture5-1024x683.jpg\" class=\"attachment-large size-large wp-image-216\" alt=\"\" srcset=\"https:\/\/artegenomics.com\/wp-content\/uploads\/2024\/02\/Picture5-1024x683.jpg 1024w, https:\/\/artegenomics.com\/wp-content\/uploads\/2024\/02\/Picture5-300x200.jpg 300w, https:\/\/artegenomics.com\/wp-content\/uploads\/2024\/02\/Picture5-768x512.jpg 768w, https:\/\/artegenomics.com\/wp-content\/uploads\/2024\/02\/Picture5.jpg 1200w\" sizes=\"(max-width: 1024px) 100vw, 1024px\" \/>\t\t\t\t\t\t\t\t\t\t\t\t\t\t\t<\/div>\n\t\t\t\t<\/div>\n\t\t\t\t<\/div>\n\t\t\t\t\t<\/div>\n\t\t\t\t<\/div>\n\t\t<div class=\"elementor-element elementor-element-e305573 e-flex e-con-boxed e-con e-parent\" data-id=\"e305573\" data-element_type=\"container\" data-e-type=\"container\" data-settings=\"{&quot;jet_parallax_layout_list&quot;:[]}\">\n\t\t\t\t\t<div class=\"e-con-inner\">\n\t\t<div class=\"elementor-element elementor-element-2c63f27 e-con-full e-flex e-con e-child\" data-id=\"2c63f27\" data-element_type=\"container\" data-e-type=\"container\" data-settings=\"{&quot;jet_parallax_layout_list&quot;:[]}\">\n\t\t\t\t<div class=\"elementor-element elementor-element-18f1c7a elementor-widget elementor-widget-text-editor\" data-id=\"18f1c7a\" data-element_type=\"widget\" data-e-type=\"widget\" data-widget_type=\"text-editor.default\">\n\t\t\t\t<div class=\"elementor-widget-container\">\n\t\t\t\t\t\t\t\t\t<p>Misyonumuz, ge\u00e7mi\u015ften g\u00fcn\u00fcm\u00fcze uzanan yolculu\u011fumuz boyunca insanl\u0131\u011fa en iyi hizmetleri sunarak yenilik\u00e7i fikirleri d\u00fcnyaya kazand\u0131rmakt\u0131r.\u00a0<\/p><p>\u00a0<\/p>\t\t\t\t\t\t\t\t<\/div>\n\t\t\t\t<\/div>\n\t\t\t\t<\/div>\n\t\t<div class=\"elementor-element elementor-element-1a69045 e-con-full e-flex e-con e-child\" data-id=\"1a69045\" data-element_type=\"container\" data-e-type=\"container\" data-settings=\"{&quot;jet_parallax_layout_list&quot;:[]}\">\n\t\t\t\t<div class=\"elementor-element elementor-element-74567c7 elementor-widget elementor-widget-image\" data-id=\"74567c7\" data-element_type=\"widget\" data-e-type=\"widget\" data-widget_type=\"image.default\">\n\t\t\t\t<div class=\"elementor-widget-container\">\n\t\t\t\t\t\t\t\t\t\t\t\t\t\t\t<img decoding=\"async\" width=\"888\" height=\"592\" src=\"https:\/\/artegenomics.com\/wp-content\/uploads\/2024\/02\/Picture2.jpg\" class=\"attachment-large size-large wp-image-210\" alt=\"\" srcset=\"https:\/\/artegenomics.com\/wp-content\/uploads\/2024\/02\/Picture2.jpg 888w, https:\/\/artegenomics.com\/wp-content\/uploads\/2024\/02\/Picture2-300x200.jpg 300w, https:\/\/artegenomics.com\/wp-content\/uploads\/2024\/02\/Picture2-768x512.jpg 768w\" sizes=\"(max-width: 888px) 100vw, 888px\" \/>\t\t\t\t\t\t\t\t\t\t\t\t\t\t\t<\/div>\n\t\t\t\t<\/div>\n\t\t\t\t<\/div>\n\t\t\t\t\t<\/div>\n\t\t\t\t<\/div>\n\t\t<div class=\"elementor-element elementor-element-7fa4318 e-flex e-con-boxed e-con e-parent\" data-id=\"7fa4318\" data-element_type=\"container\" data-e-type=\"container\" data-settings=\"{&quot;jet_parallax_layout_list&quot;:[]}\">\n\t\t\t\t\t<div class=\"e-con-inner\">\n\t\t<div class=\"elementor-element elementor-element-bd4cecb e-con-full e-flex e-con e-child\" data-id=\"bd4cecb\" data-element_type=\"container\" data-e-type=\"container\" data-settings=\"{&quot;jet_parallax_layout_list&quot;:[]}\">\n\t\t\t\t<div class=\"elementor-element elementor-element-159e072 elementor-widget elementor-widget-text-editor\" data-id=\"159e072\" data-element_type=\"widget\" data-e-type=\"widget\" data-widget_type=\"text-editor.default\">\n\t\t\t\t<div class=\"elementor-widget-container\">\n\t\t\t\t\t\t\t\t\t<p>Vizyonumuz, bu alanda \u00fclkemizin ve d\u00fcnyan\u0131n ihtiya\u00e7lar\u0131n\u0131 kar\u015f\u0131layabilecek bir seviyeye ula\u015farak insanl\u0131k tarihine y\u00f6n verecek giri\u015fimlerin bir par\u00e7as\u0131 olmakt\u0131r.<\/p>\t\t\t\t\t\t\t\t<\/div>\n\t\t\t\t<\/div>\n\t\t\t\t<\/div>\n\t\t<div class=\"elementor-element elementor-element-712e0a3 e-con-full e-flex e-con e-child\" data-id=\"712e0a3\" data-element_type=\"container\" data-e-type=\"container\" data-settings=\"{&quot;jet_parallax_layout_list&quot;:[]}\">\n\t\t\t\t<div class=\"elementor-element elementor-element-06bcdab elementor-widget elementor-widget-image\" data-id=\"06bcdab\" data-element_type=\"widget\" data-e-type=\"widget\" data-widget_type=\"image.default\">\n\t\t\t\t<div class=\"elementor-widget-container\">\n\t\t\t\t\t\t\t\t\t\t\t\t\t\t\t<img decoding=\"async\" width=\"1024\" height=\"683\" src=\"https:\/\/artegenomics.com\/wp-content\/uploads\/2024\/02\/Picture3-1024x683.jpg\" class=\"attachment-large size-large wp-image-214\" alt=\"\" srcset=\"https:\/\/artegenomics.com\/wp-content\/uploads\/2024\/02\/Picture3-1024x683.jpg 1024w, https:\/\/artegenomics.com\/wp-content\/uploads\/2024\/02\/Picture3-300x200.jpg 300w, https:\/\/artegenomics.com\/wp-content\/uploads\/2024\/02\/Picture3-768x512.jpg 768w, https:\/\/artegenomics.com\/wp-content\/uploads\/2024\/02\/Picture3.jpg 1094w\" sizes=\"(max-width: 1024px) 100vw, 1024px\" \/>\t\t\t\t\t\t\t\t\t\t\t\t\t\t\t<\/div>\n\t\t\t\t<\/div>\n\t\t\t\t<\/div>\n\t\t\t\t\t<\/div>\n\t\t\t\t<\/div>\n\t\t<div class=\"elementor-element elementor-element-df0c385 e-flex e-con-boxed e-con e-parent\" data-id=\"df0c385\" data-element_type=\"container\" data-e-type=\"container\" data-settings=\"{&quot;jet_parallax_layout_list&quot;:[]}\">\n\t\t\t\t\t<div class=\"e-con-inner\">\n\t\t<div class=\"elementor-element elementor-element-e88d9e9 e-con-full e-flex e-con e-child\" data-id=\"e88d9e9\" data-element_type=\"container\" data-e-type=\"container\" data-settings=\"{&quot;jet_parallax_layout_list&quot;:[]}\">\n\t\t\t\t<div class=\"elementor-element elementor-element-add81d8 elementor-widget elementor-widget-text-editor\" data-id=\"add81d8\" data-element_type=\"widget\" data-e-type=\"widget\" data-widget_type=\"text-editor.default\">\n\t\t\t\t<div class=\"elementor-widget-container\">\n\t\t\t\t\t\t\t\t\t<p>\u015eirketimizde t\u00fcm ileti\u015fim, i\u015f birli\u011fi ve motivasyon kanallar\u0131 a\u00e7\u0131kt\u0131r; d\u00fcr\u00fcstl\u00fck, dayan\u0131\u015fma ve yarat\u0131c\u0131l\u0131\u011f\u0131 te\u015fvik ederiz. T\u00fcm faaliyetlerimizde etik de\u011ferlere sayg\u0131 g\u00f6stermeyi, bilimselli\u011fi, yenilik\u00e7ili\u011fi ve s\u00fcrekli geli\u015fimi ama\u00e7lar ve bu de\u011ferler do\u011frultusunda hareket ederiz.<\/p>\t\t\t\t\t\t\t\t<\/div>\n\t\t\t\t<\/div>\n\t\t\t\t<\/div>\n\t\t<div class=\"elementor-element elementor-element-477355b e-con-full e-flex e-con e-child\" data-id=\"477355b\" data-element_type=\"container\" data-e-type=\"container\" data-settings=\"{&quot;jet_parallax_layout_list&quot;:[]}\">\n\t\t\t\t<div class=\"elementor-element elementor-element-3feaf68 elementor-widget elementor-widget-image\" data-id=\"3feaf68\" data-element_type=\"widget\" data-e-type=\"widget\" data-widget_type=\"image.default\">\n\t\t\t\t<div class=\"elementor-widget-container\">\n\t\t\t\t\t\t\t\t\t\t\t\t\t\t\t<img loading=\"lazy\" decoding=\"async\" width=\"1024\" height=\"683\" src=\"https:\/\/artegenomics.com\/wp-content\/uploads\/2024\/02\/Picture4-1024x683.jpg\" class=\"attachment-large size-large wp-image-215\" alt=\"\" srcset=\"https:\/\/artegenomics.com\/wp-content\/uploads\/2024\/02\/Picture4-1024x683.jpg 1024w, https:\/\/artegenomics.com\/wp-content\/uploads\/2024\/02\/Picture4-300x200.jpg 300w, https:\/\/artegenomics.com\/wp-content\/uploads\/2024\/02\/Picture4-768x512.jpg 768w, https:\/\/artegenomics.com\/wp-content\/uploads\/2024\/02\/Picture4.jpg 1094w\" sizes=\"(max-width: 1024px) 100vw, 1024px\" \/>\t\t\t\t\t\t\t\t\t\t\t\t\t\t\t<\/div>\n\t\t\t\t<\/div>\n\t\t\t\t<\/div>\n\t\t\t\t\t<\/div>\n\t\t\t\t<\/div>\n\t\t<div class=\"elementor-element elementor-element-f384cc9 e-flex e-con-boxed e-con e-parent\" data-id=\"f384cc9\" data-element_type=\"container\" data-e-type=\"container\" data-settings=\"{&quot;jet_parallax_layout_list&quot;:[]}\">\n\t\t\t\t\t<div class=\"e-con-inner\">\n\t\t<div class=\"elementor-element elementor-element-c27c8fd e-con-full e-flex e-con e-child\" data-id=\"c27c8fd\" data-element_type=\"container\" data-e-type=\"container\" data-settings=\"{&quot;jet_parallax_layout_list&quot;:[]}\">\n\t\t\t\t<div class=\"elementor-element elementor-element-667f581 elementor-widget elementor-widget-text-editor\" data-id=\"667f581\" data-element_type=\"widget\" data-e-type=\"widget\" data-widget_type=\"text-editor.default\">\n\t\t\t\t<div class=\"elementor-widget-container\">\n\t\t\t\t\t\t\t\t\t<p><em>Kalite Politikam\u0131z<\/em><\/p><p>arte Genomics\u2019te kaliteye olan ba\u011fl\u0131l\u0131\u011f\u0131m\u0131z do\u011frultusunda m\u00fc\u015fterilerimize ve topluma sundu\u011fumuz de\u011feri en \u00fcst d\u00fczeye \u00e7\u0131karmay\u0131 hedefliyoruz. \u015eirketimizin kalite politikas\u0131; m\u00fc\u015fteri memnuniyetini sa\u011flamaya, etik de\u011ferlere ba\u011fl\u0131 kalmaya ve s\u00fcrekli geli\u015fimi te\u015fvik etmeye dayanmaktad\u0131r.<\/p><p>M\u00fc\u015fteri Memnuniyeti: M\u00fc\u015fterilerimizin beklentilerini anlamak ve kar\u015f\u0131lamak i\u00e7in \u00e7aba g\u00f6steririz. \u00dcr\u00fcn ve hizmetlerimizin kalitesini s\u00fcrekli geli\u015ftirerek m\u00fc\u015fteri memnuniyetini sa\u011flamay\u0131 hedefleriz.<\/p><p>Etik De\u011ferlere Ba\u011fl\u0131l\u0131k: T\u00fcm faaliyetlerimizde d\u00fcr\u00fcstl\u00fck, \u015feffafl\u0131k ve adalet ilkelerini g\u00f6zetiriz. Etik davran\u0131\u015f standartlar\u0131na ba\u011fl\u0131 kalarak t\u00fcm ili\u015fkilerimizde g\u00fcvenilirlik ve sayg\u0131nl\u0131\u011f\u0131 s\u00fcrd\u00fcr\u00fcr\u00fcz.<\/p><p>S\u00fcrekli Geli\u015fim: Kendimizi geli\u015ftirmek ve iyile\u015ftirmek i\u00e7in s\u00fcrekli \u00e7aba g\u00f6steririz. \u0130\u015f s\u00fcre\u00e7lerimizi g\u00f6zden ge\u00e7irir ve verimlili\u011fi art\u0131rmak i\u00e7in s\u00fcrekli yeni yollar arar\u0131z. Personelimizin e\u011fitimine ve geli\u015fimine yat\u0131r\u0131m yaparak kalitemizi s\u00fcrekli olarak y\u00fckseltiriz.<\/p><p>\u00c7al\u0131\u015fan Kat\u0131l\u0131m\u0131: T\u00fcm \u00e7al\u0131\u015fanlar\u0131m\u0131z\u0131n kat\u0131l\u0131m\u0131n\u0131 te\u015fvik eder ve onlar\u0131n fikirlerine de\u011fer veririz. \u00c7al\u0131\u015fanlar\u0131m\u0131z\u0131n motivasyonunu art\u0131rmak ve i\u015f birli\u011fini g\u00fc\u00e7lendirmek i\u00e7in adil bir \u00e7al\u0131\u015fma ortam\u0131 sunar\u0131z.<\/p><p>\u00c7evresel ve Sosyal Sorumluluk: Faaliyetlerimizi \u00e7evreye ve topluma kar\u015f\u0131 sorumluluk bilinciyle y\u00fcr\u00fct\u00fcr\u00fcz. \u00c7evresel s\u00fcrd\u00fcr\u00fclebilirlik ilkelerine ba\u011fl\u0131 kal\u0131r ve toplumsal sorumluluklar\u0131m\u0131z\u0131 yerine getiririz.<\/p><p>Arte Genomics\u2019te kalite politikam\u0131z\u0131 t\u00fcm \u00e7al\u0131\u015fanlar\u0131m\u0131za benimsetiyor, her birimizin bu politika do\u011frultusunda hareket etmesini sa\u011fl\u0131yoruz. M\u00fc\u015fterilerimize en y\u00fcksek kalitede \u00fcr\u00fcn ve hizmetleri sunarak onlar\u0131n g\u00fcvenini kazanmay\u0131 ve uzun vadeli ba\u015far\u0131ya ula\u015fmay\u0131 hedefliyoruz.<\/p>\t\t\t\t\t\t\t\t<\/div>\n\t\t\t\t<\/div>\n\t\t\t\t<\/div>\n\t\t<div class=\"elementor-element elementor-element-35d79e3 e-con-full e-flex e-con e-child\" data-id=\"35d79e3\" data-element_type=\"container\" data-e-type=\"container\" data-settings=\"{&quot;jet_parallax_layout_list&quot;:[]}\">\n\t\t\t\t<div class=\"elementor-element elementor-element-59ba7f9 elementor-widget elementor-widget-image\" data-id=\"59ba7f9\" data-element_type=\"widget\" data-e-type=\"widget\" data-widget_type=\"image.default\">\n\t\t\t\t<div class=\"elementor-widget-container\">\n\t\t\t\t\t\t\t\t\t\t\t\t\t\t\t<img loading=\"lazy\" decoding=\"async\" width=\"683\" height=\"1024\" src=\"https:\/\/artegenomics.com\/wp-content\/uploads\/2024\/02\/Picture1-683x1024.jpg\" class=\"attachment-large size-large wp-image-206\" alt=\"\" srcset=\"https:\/\/artegenomics.com\/wp-content\/uploads\/2024\/02\/Picture1-683x1024.jpg 683w, https:\/\/artegenomics.com\/wp-content\/uploads\/2024\/02\/Picture1-200x300.jpg 200w, https:\/\/artegenomics.com\/wp-content\/uploads\/2024\/02\/Picture1-768x1152.jpg 768w, https:\/\/artegenomics.com\/wp-content\/uploads\/2024\/02\/Picture1.jpg 888w\" sizes=\"(max-width: 683px) 100vw, 683px\" \/>\t\t\t\t\t\t\t\t\t\t\t\t\t\t\t<\/div>\n\t\t\t\t<\/div>\n\t\t\t\t<\/div>\n\t\t\t\t\t<\/div>\n\t\t\t\t<\/div>\n\t\t<div class=\"elementor-element elementor-element-db4cb1d e-flex e-con-boxed e-con e-parent\" data-id=\"db4cb1d\" data-element_type=\"container\" data-e-type=\"container\" data-settings=\"{&quot;jet_parallax_layout_list&quot;:[]}\">\n\t\t\t\t\t<div class=\"e-con-inner\">\n\t\t\t\t<div class=\"elementor-element elementor-element-d1e8124 elementor-widget elementor-widget-text-editor\" data-id=\"d1e8124\" data-element_type=\"widget\" data-e-type=\"widget\" data-widget_type=\"text-editor.default\">\n\t\t\t\t<div class=\"elementor-widget-container\">\n\t\t\t\t\t\t\t\t\t<p><em><strong><a href=\"https:\/\/artegenomics.com\/certificates\/\">Burada<\/a><\/strong><\/em> kalite standartlar\u0131m\u0131za ili\u015fkin sertifikalar\u0131m\u0131z\u0131 g\u00f6rebilirsiniz.<\/p>\t\t\t\t\t\t\t\t<\/div>\n\t\t\t\t<\/div>\n\t\t\t\t\t<\/div>\n\t\t\t\t<\/div>\n\t\t\t\t<\/div>","protected":false},"excerpt":{"rendered":"<p>To Look into the Future with More Confidence arte Genomics continues its services in a solid partnership with suppliers who have proven excellence in their field and a flawless service approach. Established in 2023, our company operates with a specialized team, each member having received education in biology and medicine, to meet the increasing needs [&hellip;]<\/p>","protected":false},"author":1,"featured_media":0,"parent":0,"menu_order":0,"comment_status":"closed","ping_status":"closed","template":"","meta":{"om_disable_all_campaigns":false,"_monsterinsights_skip_tracking":false,"_monsterinsights_sitenote_active":false,"_monsterinsights_sitenote_note":"","_monsterinsights_sitenote_category":0,"footnotes":""},"class_list":["post-53","page","type-page","status-publish","hentry"],"blocksy_meta":[],"aioseo_notices":[],"_links":{"self":[{"href":"https:\/\/artegenomics.com\/tr\/wp-json\/wp\/v2\/pages\/53","targetHints":{"allow":["GET"]}}],"collection":[{"href":"https:\/\/artegenomics.com\/tr\/wp-json\/wp\/v2\/pages"}],"about":[{"href":"https:\/\/artegenomics.com\/tr\/wp-json\/wp\/v2\/types\/page"}],"author":[{"embeddable":true,"href":"https:\/\/artegenomics.com\/tr\/wp-json\/wp\/v2\/users\/1"}],"replies":[{"embeddable":true,"href":"https:\/\/artegenomics.com\/tr\/wp-json\/wp\/v2\/comments?post=53"}],"version-history":[{"count":57,"href":"https:\/\/artegenomics.com\/tr\/wp-json\/wp\/v2\/pages\/53\/revisions"}],"predecessor-version":[{"id":567,"href":"https:\/\/artegenomics.com\/tr\/wp-json\/wp\/v2\/pages\/53\/revisions\/567"}],"wp:attachment":[{"href":"https:\/\/artegenomics.com\/tr\/wp-json\/wp\/v2\/media?parent=53"}],"curies":[{"name":"wp","href":"https:\/\/api.w.org\/{rel}","templated":true}]}}