{"id":63,"date":"2024-02-20T22:47:42","date_gmt":"2024-02-20T19:47:42","guid":{"rendered":"https:\/\/artegenomics.com\/?page_id=63"},"modified":"2024-02-21T17:06:08","modified_gmt":"2024-02-21T14:06:08","slug":"project-services","status":"publish","type":"page","link":"https:\/\/artegenomics.com\/tr\/project-services\/","title":{"rendered":"Proje Hizmetleri"},"content":{"rendered":"<div data-elementor-type=\"wp-page\" data-elementor-id=\"63\" class=\"elementor elementor-63\">\n\t\t\t\t<div class=\"elementor-element elementor-element-fc9ac8c e-flex e-con-boxed e-con e-parent\" data-id=\"fc9ac8c\" data-element_type=\"container\" data-e-type=\"container\" data-settings=\"{&quot;jet_parallax_layout_list&quot;:[]}\">\n\t\t\t\t\t<div class=\"e-con-inner\">\n\t\t<div class=\"elementor-element elementor-element-2c483b3 e-con-full e-flex e-con e-child\" data-id=\"2c483b3\" data-element_type=\"container\" data-e-type=\"container\" data-settings=\"{&quot;jet_parallax_layout_list&quot;:[]}\">\n\t\t\t\t<div class=\"elementor-element elementor-element-684a46a elementor-widget elementor-widget-text-editor\" data-id=\"684a46a\" data-element_type=\"widget\" data-e-type=\"widget\" data-widget_type=\"text-editor.default\">\n\t\t\t\t<div class=\"elementor-widget-container\">\n\t\t\t\t\t\t\t\t\t<p>\u015eirketimiz, uzman ekibimizle birlikte Proje Dan\u0131\u015fmanl\u0131\u011f\u0131 Hizmetleri kapsam\u0131nda \u00e7e\u015fitli konularda sizlere destek vermekten memnuniyet duymaktad\u0131r. Sunmakta oldu\u011fumuz hizmetler aras\u0131nda \u015funlar yer almaktad\u0131r:<\/p><ol><li><strong>Proje Malzeme Maliyet Hesaplamalar\u0131:<\/strong> Projelerinizin gereksinimlerine ba\u011fl\u0131 olarak, uzman ekibimiz proje malzeme maliyetlerinin etkin bir \u015fekilde hesaplanmas\u0131 ve y\u00f6netilmesi konusunda sizlere destek sa\u011flayacakt\u0131r. Bu sayede projeniz b\u00fct\u00e7e y\u00f6netimi a\u00e7\u0131s\u0131ndan daha verimli hale gelecektir.<\/li><li><strong>Proje Makine ve Ekipman \u0130htiya\u00e7lar\u0131n\u0131n Belirlenmesi:<\/strong> Uzman ekibimiz, projelerinizin gereksinimlerine uygun \u015fekilde ihtiya\u00e7 duyulan makine ve ekipmanlar\u0131n belirlenmesi konusunda sizlere rehberlik edecektir. Bu sayede proje ihtiya\u00e7lar\u0131n\u0131za en uygun ekipmanlar\u0131 se\u00e7ebilir ve bunlar\u0131 etkin bir \u015fekilde kullanabilirsiniz.<\/li><li><strong>\u00c7\u00f6z\u00fcm Orta\u011f\u0131 \u00dcretici Firmalar\u0131n Ar-Ge Laboratuvarlar\u0131nda Proje \u00c7al\u0131\u015fmalar\u0131:<\/strong> \u00c7\u00f6z\u00fcm orta\u011f\u0131 \u00fcretici firmalar\u0131m\u0131z\u0131n Ar-Ge laboratuvarlar\u0131nda proje \u00e7al\u0131\u015fmalar\u0131 y\u00fcr\u00fct\u00fclmesi, projenizin de\u011ferlendirilmesine daha geni\u015f bir perspektiften bak\u0131lmas\u0131n\u0131 sa\u011flar. B\u00f6ylece uzmanl\u0131\u011f\u0131m\u0131z\u0131 ve kaynaklar\u0131m\u0131z\u0131 en verimli \u015fekilde kullanarak projenizin ba\u015far\u0131s\u0131n\u0131 en \u00fcst d\u00fczeye \u00e7\u0131karabiliriz.<\/li><\/ol><p>\u015eirketimiz, projelerinizin her a\u015famas\u0131nda sizlere destek olmak i\u00e7in yan\u0131n\u0131zdad\u0131r. Detayl\u0131 bilgi almak ve ihtiya\u00e7lar\u0131n\u0131z\u0131 kar\u015f\u0131lamak i\u00e7in bizimle ileti\u015fime ge\u00e7mekten \u00e7ekinmeyiniz.<\/p>\t\t\t\t\t\t\t\t<\/div>\n\t\t\t\t<\/div>\n\t\t\t\t<\/div>\n\t\t<div class=\"elementor-element elementor-element-0d6f03b e-con-full e-flex e-con e-child\" data-id=\"0d6f03b\" data-element_type=\"container\" data-e-type=\"container\" data-settings=\"{&quot;jet_parallax_layout_list&quot;:[]}\">\n\t\t\t\t<div class=\"elementor-element elementor-element-0c283a9 elementor-widget elementor-widget-image\" data-id=\"0c283a9\" data-element_type=\"widget\" data-e-type=\"widget\" data-widget_type=\"image.default\">\n\t\t\t\t<div class=\"elementor-widget-container\">\n\t\t\t\t\t\t\t\t\t\t\t\t\t\t\t<img fetchpriority=\"high\" decoding=\"async\" width=\"888\" height=\"593\" src=\"https:\/\/artegenomics.com\/wp-content\/uploads\/2024\/02\/Picture12.jpg\" class=\"attachment-large size-large wp-image-226\" alt=\"\" srcset=\"https:\/\/artegenomics.com\/wp-content\/uploads\/2024\/02\/Picture12.jpg 888w, https:\/\/artegenomics.com\/wp-content\/uploads\/2024\/02\/Picture12-300x200.jpg 300w, https:\/\/artegenomics.com\/wp-content\/uploads\/2024\/02\/Picture12-768x513.jpg 768w\" sizes=\"(max-width: 888px) 100vw, 888px\" \/>\t\t\t\t\t\t\t\t\t\t\t\t\t\t\t<\/div>\n\t\t\t\t<\/div>\n\t\t\t\t<\/div>\n\t\t\t\t\t<\/div>\n\t\t\t\t<\/div>\n\t\t\t\t<\/div>","protected":false},"excerpt":{"rendered":"<p>Our company takes pleasure in assisting you with various matters under the scope of Project Consultancy Services with our expert team. Among the services we offer are the following: Project Material Cost Calculations: Depending on the requirements of your projects, our expert team will support you in effectively calculating and managing project material costs. This [&hellip;]<\/p>","protected":false},"author":1,"featured_media":0,"parent":0,"menu_order":0,"comment_status":"closed","ping_status":"closed","template":"","meta":{"om_disable_all_campaigns":false,"_monsterinsights_skip_tracking":false,"_monsterinsights_sitenote_active":false,"_monsterinsights_sitenote_note":"","_monsterinsights_sitenote_category":0,"footnotes":""},"class_list":["post-63","page","type-page","status-publish","hentry"],"blocksy_meta":[],"aioseo_notices":[],"_links":{"self":[{"href":"https:\/\/artegenomics.com\/tr\/wp-json\/wp\/v2\/pages\/63","targetHints":{"allow":["GET"]}}],"collection":[{"href":"https:\/\/artegenomics.com\/tr\/wp-json\/wp\/v2\/pages"}],"about":[{"href":"https:\/\/artegenomics.com\/tr\/wp-json\/wp\/v2\/types\/page"}],"author":[{"embeddable":true,"href":"https:\/\/artegenomics.com\/tr\/wp-json\/wp\/v2\/users\/1"}],"replies":[{"embeddable":true,"href":"https:\/\/artegenomics.com\/tr\/wp-json\/wp\/v2\/comments?post=63"}],"version-history":[{"count":7,"href":"https:\/\/artegenomics.com\/tr\/wp-json\/wp\/v2\/pages\/63\/revisions"}],"predecessor-version":[{"id":229,"href":"https:\/\/artegenomics.com\/tr\/wp-json\/wp\/v2\/pages\/63\/revisions\/229"}],"wp:attachment":[{"href":"https:\/\/artegenomics.com\/tr\/wp-json\/wp\/v2\/media?parent=63"}],"curies":[{"name":"wp","href":"https:\/\/api.w.org\/{rel}","templated":true}]}}