{"id":639,"date":"2026-03-01T13:27:44","date_gmt":"2026-03-01T10:27:44","guid":{"rendered":"https:\/\/artegenomics.com\/?page_id=639"},"modified":"2026-03-01T21:43:40","modified_gmt":"2026-03-01T18:43:40","slug":"artegen-fxiii-real-time-pcr-kit","status":"publish","type":"page","link":"https:\/\/artegenomics.com\/tr\/artegen-fxiii-real-time-pcr-kit\/","title":{"rendered":"aRTegen FXIII Real Time PCR Kit"},"content":{"rendered":"<div data-elementor-type=\"wp-page\" data-elementor-id=\"639\" class=\"elementor elementor-639\">\n\t\t\t\t<div class=\"elementor-element elementor-element-4d15121 e-flex e-con-boxed e-con e-parent\" data-id=\"4d15121\" data-element_type=\"container\" data-e-type=\"container\" data-settings=\"{&quot;jet_parallax_layout_list&quot;:[]}\">\n\t\t\t\t\t<div class=\"e-con-inner\">\n\t\t<div class=\"elementor-element elementor-element-5d08e96 e-con-full e-flex e-con e-child\" data-id=\"5d08e96\" data-element_type=\"container\" data-e-type=\"container\" data-settings=\"{&quot;jet_parallax_layout_list&quot;:[]}\">\n\t\t\t\t<div class=\"elementor-element elementor-element-da7bf59 elementor-widget elementor-widget-text-editor\" data-id=\"da7bf59\" data-element_type=\"widget\" data-e-type=\"widget\" data-widget_type=\"text-editor.default\">\n\t\t\t\t<div class=\"elementor-widget-container\">\n\t\t\t\t\t\t\t\t\t<p>The <b>aRTegen\u2122 FXIII Real Time PCR Kit<\/b> spesifik primer seti ve floresan i\u015faretli hidroliz (TaqMan) problar\u0131 kullan\u0131larak ger\u00e7ek zamanl\u0131 polimeraz zincir reaksiyonu (qPCR) prensibine dayal\u0131 olarak MTHFR g.1298A &gt; C varyant\u0131n\u0131n tespiti i\u00e7in tasarlanm\u0131\u015ft\u0131r.<\/p><p><em style=\"font-size: 16px; text-align: start;\">Kat. No\u00a0<\/em><\/p><p style=\"margin-bottom: var(--theme-content-spacing); text-align: start;\"><span style=\"text-align: var(--text-align); background-color: var(--theme-palette-color-7);\"><i>14327-25 (<\/i><\/span><i>25 Rxn) , 14327<\/i><i>-50 (50 Rxn)<\/i><\/p><div><i>\u00a0<\/i><\/div><p style=\"margin-bottom: 24px; font-size: 16px; text-align: start;\"><span style=\"font-weight: bold;\">T\u00fcm Kitler i\u00e7in Ortak Teknik \u00d6zellikler:<\/span><\/p><p style=\"margin-bottom: 24px; font-size: 16px; text-align: start;\"><span style=\"font-weight: bold;\">Prob Tabanl\u0131 Allelik Ayr\u0131m (Allelic Discrimination):\u00a0<\/span>Her kit, wild-type ve mutant alellerin do\u011fru ayr\u0131m\u0131n\u0131 sa\u011flamak amac\u0131yla floresan hidroliz prob teknolojisi kullan\u0131r ve g\u00fcvenilir genotiplendirme sonu\u00e7lar\u0131 sunar.<\/p><p style=\"margin-bottom: 24px; font-size: 16px; text-align: start;\"><span style=\"font-weight: bold;\">Optimize Edilmi\u015f Reaksiyon Kimyas\u0131:<\/span>\u00a0Master mix reaktifleri, tutarl\u0131 amplifikasyon verimlili\u011fi ve y\u00fcksek analitik performans sa\u011flayacak \u015fekilde form\u00fcle edilmi\u015ftir.<\/p><p style=\"margin-bottom: 24px; font-size: 16px; text-align: start;\"><span style=\"font-weight: bold;\">Y\u00fcksek \u00d6zg\u00fcll\u00fck ve Duyarl\u0131l\u0131k:\u00a0<\/span>Hedefe \u00f6zg\u00fc prob tasar\u0131m\u0131 ve optimize edilmi\u015f termal\nd\u00f6ng\u00fc parametreleri, minimal \u00e7apraz reaksiyon ile tek n\u00fckleotid de\u011fi\u015fimlerinin hassas\ntespitini m\u00fcmk\u00fcn k\u0131lar.<\/p><p style=\"margin-bottom: 24px; font-size: 16px; text-align: start;\"><span style=\"font-weight: bold;\">Internal Kontroller ve Test Do\u011frulamas\u0131:<\/span>\u00a0Her kit, reaksiyon b\u00fct\u00fcnl\u00fc\u011f\u00fcn\u00fc izlemek amac\u0131yla dahili amplifikasyon kontrolleri i\u00e7erir ve b\u00f6ylece veri g\u00fcvenilirli\u011fi art\u0131r\u0131l\u0131r.<\/p><p style=\"margin-bottom: 24px; font-size: 16px; text-align: start;\"><span style=\"font-weight: bold;\">Kolay Kullan\u0131m Format\u0131:\u00a0<\/span>Test kurulumu, minimum haz\u0131rl\u0131k ve pipetleme ad\u0131m\u0131\ngerektirecek \u015fekilde yap\u0131land\u0131r\u0131lm\u0131\u015ft\u0131r ve rutin laboratuvar s\u00fcre\u00e7lerinde verimli kullan\u0131m\nsa\u011flar.<\/p><p style=\"margin-bottom: 24px; font-size: 16px; text-align: start;\"><span style=\"font-weight: bold;\">Kalite Y\u00f6netimi ve \u00dcretim Standartlar\u0131:\u00a0<\/span>Kitler, molek\u00fcler tan\u0131 reaktifleri i\u00e7in uygun\nkalite y\u00f6netim sistemleri kapsam\u0131nda \u00fcretilmekte olup, performans s\u00fcreklili\u011fi\nsa\u011flanmaktad\u0131r.<\/p><p><em>The <strong>aRTegen<sup>TM<\/sup>\u00a0FXIII Real Time PCR Kit\u00a0<\/strong>yaln\u0131zca ara\u015ft\u0131rma ama\u00e7l\u0131d\u0131r; tan\u0131sal kullan\u0131m i\u00e7in uygun de\u011fildir.<\/em><\/p>\t\t\t\t\t\t\t\t<\/div>\n\t\t\t\t<\/div>\n\t\t\t\t<\/div>\n\t\t<div class=\"elementor-element elementor-element-bba6467 e-con-full e-flex e-con e-child\" data-id=\"bba6467\" data-element_type=\"container\" data-e-type=\"container\" data-settings=\"{&quot;jet_parallax_layout_list&quot;:[]}\">\n\t\t\t\t<div class=\"elementor-element elementor-element-c05b9f4 elementor-widget elementor-widget-image\" data-id=\"c05b9f4\" data-element_type=\"widget\" data-e-type=\"widget\" data-settings=\"{&quot;_animation&quot;:&quot;none&quot;}\" data-widget_type=\"image.default\">\n\t\t\t\t<div class=\"elementor-widget-container\">\n\t\t\t\t\t\t\t\t\t\t\t\t\t\t\t<img decoding=\"async\" src=\"https:\/\/artegenomics.com\/wp-content\/uploads\/elementor\/thumbs\/Bos-2-Kutu-qwpaexj6zzkhfthdwqyuqze4wzt1z6eica8a557pvk.jpg\" title=\"Bos\u0327 2 Kutu\" alt=\"Bo\u015f Kutu Resmi\" loading=\"lazy\" \/>\t\t\t\t\t\t\t\t\t\t\t\t\t\t\t<\/div>\n\t\t\t\t<\/div>\n\t\t\t\t<\/div>\n\t\t\t\t\t<\/div>\n\t\t\t\t<\/div>\n\t\t\t\t<\/div>","protected":false},"excerpt":{"rendered":"<p>The aRTegen&#x2122; FXIII Real Time PCR Kit is designed for detection of the F13A1 gene V34L (c.103G&gt;T) polymorphism based on the real-time polymerase chain reaction (qPCR) principle using a specific primer set and fluorescence-labeled hydrolysis (TaqMan) probes. Cat No:\u00a0 14327-25 (25 Rxn) , 14327-50 (50 Rxn) \u00a0 Key Technical Characteristics: Probe-Based Allelic Discrimination:\u00a0Each kit utilizes [&hellip;]<\/p>","protected":false},"author":2,"featured_media":0,"parent":0,"menu_order":0,"comment_status":"closed","ping_status":"closed","template":"","meta":{"om_disable_all_campaigns":false,"_monsterinsights_skip_tracking":false,"_monsterinsights_sitenote_active":false,"_monsterinsights_sitenote_note":"","_monsterinsights_sitenote_category":0,"footnotes":""},"class_list":["post-639","page","type-page","status-publish","hentry"],"blocksy_meta":[],"aioseo_notices":[],"_links":{"self":[{"href":"https:\/\/artegenomics.com\/tr\/wp-json\/wp\/v2\/pages\/639","targetHints":{"allow":["GET"]}}],"collection":[{"href":"https:\/\/artegenomics.com\/tr\/wp-json\/wp\/v2\/pages"}],"about":[{"href":"https:\/\/artegenomics.com\/tr\/wp-json\/wp\/v2\/types\/page"}],"author":[{"embeddable":true,"href":"https:\/\/artegenomics.com\/tr\/wp-json\/wp\/v2\/users\/2"}],"replies":[{"embeddable":true,"href":"https:\/\/artegenomics.com\/tr\/wp-json\/wp\/v2\/comments?post=639"}],"version-history":[{"count":12,"href":"https:\/\/artegenomics.com\/tr\/wp-json\/wp\/v2\/pages\/639\/revisions"}],"predecessor-version":[{"id":667,"href":"https:\/\/artegenomics.com\/tr\/wp-json\/wp\/v2\/pages\/639\/revisions\/667"}],"wp:attachment":[{"href":"https:\/\/artegenomics.com\/tr\/wp-json\/wp\/v2\/media?parent=639"}],"curies":[{"name":"wp","href":"https:\/\/api.w.org\/{rel}","templated":true}]}}